{"id":1028,"date":"2020-05-30T15:28:50","date_gmt":"2020-05-30T15:28:50","guid":{"rendered":"http:\/\/www.norluc.hu\/?page_id=1028"},"modified":"2020-05-31T17:47:54","modified_gmt":"2020-05-31T17:47:54","slug":"szechenyi-2","status":"publish","type":"page","link":"http:\/\/www.norluc.hu\/?page_id=1028","title":{"rendered":"K\u00e9pz\u00e9si programpk a Norluc Kft-n\u00e9l."},"content":{"rendered":"\n<div class=\"wp-block-image\"><figure class=\"alignright size-large is-resized\"><img loading=\"lazy\" decoding=\"async\" src=\"http:\/\/www.norluc.hu\/wp-content\/uploads\/2019\/12\/infoblokk_kedv_final_CMYK_-ESZA-1024x702-1.jpg\" alt=\"\" class=\"wp-image-1053\" width=\"290\" height=\"198\" srcset=\"http:\/\/www.norluc.hu\/wp-content\/uploads\/2019\/12\/infoblokk_kedv_final_CMYK_-ESZA-1024x702-1.jpg 1024w, http:\/\/www.norluc.hu\/wp-content\/uploads\/2019\/12\/infoblokk_kedv_final_CMYK_-ESZA-1024x702-1-300x206.jpg 300w, http:\/\/www.norluc.hu\/wp-content\/uploads\/2019\/12\/infoblokk_kedv_final_CMYK_-ESZA-1024x702-1-768x527.jpg 768w, http:\/\/www.norluc.hu\/wp-content\/uploads\/2019\/12\/infoblokk_kedv_final_CMYK_-ESZA-1024x702-1-861x590.jpg 861w\" sizes=\"auto, (max-width: 290px) 100vw, 290px\" \/><\/figure><\/div>\n\n\n\n<p>A kedvezm\u00e9nyezett neve:&nbsp;&nbsp;&nbsp;&nbsp;&nbsp;&nbsp;&nbsp;&nbsp; &nbsp;&nbsp;&nbsp;&nbsp;&nbsp;&nbsp;&nbsp;&nbsp;&nbsp;&nbsp;&nbsp;&nbsp;&nbsp;&nbsp;&nbsp;NORLUC&nbsp;Kereskedelmi \u00e9s Szolg\u00e1ltat\u00f3<em> Korl\u00e1tolt Felel\u0151ss\u00e9g\u0171 T\u00e1rsas\u00e1g<\/em><\/p>\n\n\n\n<p>A projekt c\u00edme: &nbsp;&nbsp;&nbsp;&nbsp;&nbsp;&nbsp;&nbsp;&nbsp;&nbsp;&nbsp;&nbsp;&nbsp;&nbsp;&nbsp;&nbsp;&nbsp;&nbsp;&nbsp;&nbsp;&nbsp;&nbsp;&nbsp;&nbsp;&nbsp;&nbsp;&nbsp;&nbsp;&nbsp;&nbsp;&nbsp;&nbsp;&nbsp;&nbsp;&nbsp;&nbsp;&nbsp;&nbsp;&nbsp;&nbsp;&nbsp;&nbsp;&nbsp;K\u00e9pz\u00e9si programok a&nbsp;NORLUC&nbsp;Kftn\u00e9l<\/p>\n\n\n\n<p>A szerz\u0151d\u00f6tt t\u00e1mogat\u00e1s \u00f6sszege:&nbsp;&nbsp;&nbsp;&nbsp;&nbsp;&nbsp;&nbsp;&nbsp;&nbsp;&nbsp;&nbsp;&nbsp;6 580&nbsp;000 Ft<\/p>\n\n\n\n<p>A t\u00e1mogat\u00e1s m\u00e9rt\u00e9ke (%-ban):&nbsp; &nbsp;&nbsp;&nbsp;&nbsp;&nbsp;&nbsp;&nbsp;&nbsp;&nbsp;&nbsp;&nbsp;&nbsp;&nbsp;&nbsp;100 %<\/p>\n\n\n\n<p>A projekt befejez\u00e9si d\u00e1tuma:&nbsp; &nbsp;&nbsp;&nbsp;&nbsp;&nbsp;&nbsp;&nbsp;&nbsp;&nbsp;&nbsp;&nbsp;&nbsp;&nbsp;&nbsp;&nbsp;&nbsp;&nbsp;2019.11.17<strong>.<\/strong><\/p>\n\n\n\n<p>A projekt azonos\u00edt\u00f3 sz\u00e1ma: &nbsp;&nbsp;&nbsp;&nbsp;&nbsp;&nbsp;&nbsp;&nbsp;&nbsp;&nbsp;&nbsp;&nbsp;&nbsp;&nbsp;&nbsp;&nbsp;&nbsp;&nbsp;&nbsp;&nbsp;&nbsp;VEKOP-8.5.3-17-2018-00034<\/p>\n\n\n\n<p>Projekt\u00fcnk els\u0151dleges c\u00e9lja, hogy hozz\u00e1j\u00e1ruljunk az egy\u00e9n kompetenci\u00e1inak fejl\u0151d\u00e9s\u00e9hez, mellyel p\u00e1rhuzamosan a szervezeti tud\u00e1s \u00e9s a szervezeti c\u00e9lok megval\u00f3s\u00edt\u00e1s\u00e1nak k\u00e9pess\u00e9ge is fejl\u0151dhet.<\/p>\n\n\n\n<p>A v\u00e1llalati k\u00e9pz\u00e9si ig\u00e9nyeket a projekt 100%-ban lefedi, mely egy\u00e9rtelm\u0171en t\u00fckr\u00f6zi, hogy a munkav\u00e1llal\u00f3i k\u00e9pz\u00e9si ig\u00e9nyeket felm\u00e9rt\u00fck, tov\u00e1bb\u00e1 a k\u00e9pz\u00e9si terv \u00f6ssze\u00e1ll\u00edt\u00e1sa sor\u00e1n figyelembe vett\u00fck a dolgoz\u00f3i k\u00e9r\u00e9seket. A k\u00e9pz\u00e9sek lebonyol\u00edt\u00e1s\u00e1t v\u00e1s\u00e1rolt szolg\u00e1ltat\u00e1sk\u00e9nt, k\u00fcls\u0151 k\u00e9pz\u00e9sk\u00e9nt val\u00f3s\u00edtottuk meg, sz\u00e1mszer\u0171s\u00edtve 4 k\u00fcl\u00f6nb\u00f6z\u0151,&nbsp; Fktv. 2. \u00a7 5. szerinti egy\u00e9b k\u00e9pz\u00e9st. \u00d6sszesen 11 &nbsp;f\u0151 munkat\u00e1rsunk ker\u00fclt bevon\u00e1sra a megval\u00f3s\u00edt\u00e1s sor\u00e1n (1 f\u0151 n\u0151, 10 f\u0151 f\u00e9rfi).<\/p>\n\n\n\n<p>Projekt\u00fcnket egy 160 \u00f3r\u00e1s Kommunik\u00e1ci\u00f3s tr\u00e9ninggel kezdt\u00fck meg, melyen 11 f\u0151 munkav\u00e1llal\u00f3nk vett r\u00e9szt \u00e9s teljes\u00edtette sikeresen. A tr\u00e9ning sor\u00e1n a r\u00e9sztvev\u0151k a h\u00e9tk\u00f6znapi \u00e9letben \u00e9s a munka vil\u00e1g\u00e1ban is hasznosnak bizonyul\u00f3 kommunik\u00e1ci\u00f3s ismeretekre tettek szert. A digit\u00e1lis kompetenciafejleszt\u00e9st t\u00e1mogat\u00f3 k\u00e9pz\u00e9si programok eset\u00e9ben az informatikai referencia keretrendszer alapj\u00e1n k\u00e9sz\u00fclt \u201eEls\u0151 l\u00e9p\u00e9sek a digit\u00e1lis a digit\u00e1lis vil\u00e1gba &#8211; IKER 1. szint\u0171 k\u00e9pz\u00e9s\u201d-t, majd&nbsp; az \u201e\u00d6n\u00e1ll\u00f3an haszn\u00e1lom az informatikai eszk\u00f6z\u00f6met \u2013 IKER 2. szint\u0171 k\u00e9pz\u00e9s\u201d-t val\u00f3s\u00edtottuk meg sikeresen 4 f\u0151 munkat\u00e1rsunk bevon\u00e1s\u00e1val. A k\u00e9t k\u00e9pz\u00e9s 35-35 \u00f3r\u00e1s volt. Az IKER k\u00e9pz\u00e9sek c\u00e9lja, hogy sikeres elv\u00e9gz\u00e9s\u00fckkel a munkav\u00e1llal\u00f3k megfeleljenek az inform\u00e1ci\u00f3s t\u00e1rsadalom elv\u00e1r\u00e1sainak, a mindennapi \u00e9letben, a munk\u00e1jukhoz, k\u00e9szs\u00e9g szinten tudj\u00e1k haszn\u00e1lni az IT eszk\u00f6z\u00f6ket. A projekt sor\u00e1n utols\u00f3k\u00e9nt lebonyol\u00edtott k\u00e9pz\u00e9s a \u201eBevezet\u00e9s az IPAR 4.0 megold\u00e1sokba\u201d c. 40 \u00f3r\u00e1s k\u00e9pz\u00e9s volt 7 f\u0151 r\u00e9szv\u00e9tel\u00e9vel. A k\u00e9pz\u00e9s folyam\u00e1n a munkav\u00e1llal\u00f3k megismert\u00e9k a k\u00fcl\u00f6nb\u00f6z\u0151 ipar 4.0 elemeket, melyeket ak\u00e1r a logisztikai szektorban is alkalmazni tudnak. Hiszen &nbsp;az IPAR 4.0 nem csak a gy\u00e1rt\u00f3 c\u00e9geket \u00e9rinti, hanem a szolg\u00e1ltat\u00f3 c\u00e9gek sz\u00e1m\u00e1ra, mint t\u00e1rsas\u00e1gunk is legal\u00e1bb akkora lehet\u0151s\u00e9g van folyamatainak automatiz\u00e1l\u00e1s\u00e1ban \u00e9s az adatok elemz\u00e9s\u00e9ben.<\/p>\n\n\n\n<p>A t\u00e1mogat\u00e1si k\u00e9relm\u00fcnk beny\u00fajt\u00e1sa sor\u00e1n tett v\u00e1llal\u00e1st, miszerint a tan\u00fas\u00edtv\u00e1nyt szerz\u0151 r\u00e9sztvev\u0151k ar\u00e1nya el\u00e9ri a 82 %-ot, elv\u00e1r\u00e1sainknak megfelel\u0151en kiv\u00e1l\u00f3an teljes\u00edtett\u00fck, hiszen ez az ar\u00e1ny 100%-os lett, mindenki sikeresen elv\u00e9gezte azt a k\u00e9pz\u00e9st, melyen r\u00e9szt vett.<\/p>\n","protected":false},"excerpt":{"rendered":"<p>A kedvezm\u00e9nyezett neve:&nbsp;&nbsp;&nbsp;&nbsp;&nbsp;&nbsp;&nbsp;&nbsp; &nbsp;&nbsp;&nbsp;&nbsp;&nbsp;&nbsp;&nbsp;&nbsp;&nbsp;&nbsp;&nbsp;&nbsp;&nbsp;&nbsp;&nbsp;NORLUC&nbsp;Kereskedelmi \u00e9s Szolg\u00e1ltat\u00f3 Korl\u00e1tolt Felel\u0151ss\u00e9g\u0171 T\u00e1rsas\u00e1g A projekt c\u00edme: &nbsp;&nbsp;&nbsp;&nbsp;&nbsp;&nbsp;&nbsp;&nbsp;&nbsp;&nbsp;&nbsp;&nbsp;&nbsp;&nbsp;&nbsp;&nbsp;&nbsp;&nbsp;&nbsp;&nbsp;&nbsp;&nbsp;&nbsp;&nbsp;&nbsp;&nbsp;&nbsp;&nbsp;&nbsp;&nbsp;&nbsp;&nbsp;&nbsp;&nbsp;&nbsp;&nbsp;&nbsp;&nbsp;&nbsp;&nbsp;&nbsp;&nbsp;K\u00e9pz\u00e9si programok a&nbsp;NORLUC&nbsp;Kftn\u00e9l A szerz\u0151d\u00f6tt t\u00e1mogat\u00e1s \u00f6sszege:&nbsp;&nbsp;&nbsp;&nbsp;&nbsp;&nbsp;&nbsp;&nbsp;&nbsp;&nbsp;&nbsp;&nbsp;6 580&nbsp;000 Ft A t\u00e1mogat\u00e1s m\u00e9rt\u00e9ke (%-ban):&nbsp; &nbsp;&nbsp;&nbsp;&nbsp;&nbsp;&nbsp;&nbsp;&nbsp;&nbsp;&nbsp;&nbsp;&nbsp;&nbsp;&nbsp;100 % A projekt befejez\u00e9si d\u00e1tuma:&nbsp; &nbsp;&nbsp;&nbsp;&nbsp;&nbsp;&nbsp;&nbsp;&nbsp;&nbsp;&nbsp;&nbsp;&nbsp;&nbsp;&nbsp;&nbsp;&nbsp;&nbsp;2019.11.17. A projekt azonos\u00edt\u00f3 sz\u00e1ma: &nbsp;&nbsp;&nbsp;&nbsp;&nbsp;&nbsp;&nbsp;&nbsp;&nbsp;&nbsp;&nbsp;&nbsp;&nbsp;&nbsp;&nbsp;&nbsp;&nbsp;&nbsp;&nbsp;&nbsp;&nbsp;VEKOP-8.5.3-17-2018-00034 Projekt\u00fcnk els\u0151dleges c\u00e9lja, hogy hozz\u00e1j\u00e1ruljunk az egy\u00e9n kompetenci\u00e1inak fejl\u0151d\u00e9s\u00e9hez, mellyel p\u00e1rhuzamosan a szervezeti tud\u00e1s \u00e9s a szervezeti c\u00e9lok<\/p>\n","protected":false},"author":1,"featured_media":0,"parent":0,"menu_order":0,"comment_status":"closed","ping_status":"closed","template":"","meta":{"footnotes":""},"class_list":["post-1028","page","type-page","status-publish","hentry"],"_links":{"self":[{"href":"http:\/\/www.norluc.hu\/index.php?rest_route=\/wp\/v2\/pages\/1028","targetHints":{"allow":["GET"]}}],"collection":[{"href":"http:\/\/www.norluc.hu\/index.php?rest_route=\/wp\/v2\/pages"}],"about":[{"href":"http:\/\/www.norluc.hu\/index.php?rest_route=\/wp\/v2\/types\/page"}],"author":[{"embeddable":true,"href":"http:\/\/www.norluc.hu\/index.php?rest_route=\/wp\/v2\/users\/1"}],"replies":[{"embeddable":true,"href":"http:\/\/www.norluc.hu\/index.php?rest_route=%2Fwp%2Fv2%2Fcomments&post=1028"}],"version-history":[{"count":4,"href":"http:\/\/www.norluc.hu\/index.php?rest_route=\/wp\/v2\/pages\/1028\/revisions"}],"predecessor-version":[{"id":1059,"href":"http:\/\/www.norluc.hu\/index.php?rest_route=\/wp\/v2\/pages\/1028\/revisions\/1059"}],"wp:attachment":[{"href":"http:\/\/www.norluc.hu\/index.php?rest_route=%2Fwp%2Fv2%2Fmedia&parent=1028"}],"curies":[{"name":"wp","href":"https:\/\/api.w.org\/{rel}","templated":true}]}}