{"id":1117,"date":"2020-04-29T13:25:01","date_gmt":"2020-04-29T13:25:01","guid":{"rendered":"http:\/\/quanticalabs.com\/wptest\/gymbase-new\/?page_id=1117"},"modified":"2025-12-09T17:22:38","modified_gmt":"2025-12-09T17:22:38","slug":"home-3","status":"publish","type":"page","link":"https:\/\/www.norluc.hu\/","title":{"rendered":"Home"},"content":{"rendered":"<div class=\"wpb-content-wrapper\"><p>[vc_row type=&#8221;full-width&#8221;][vc_column][rev_slider_vc alias=&#8221;home&#8221;][\/vc_column][\/vc_row][vc_row type=&#8221;full-width&#8221; top_margin=&#8221;page-margin-top-section&#8221; content_placement=&#8221;middle&#8221;][vc_column offset=&#8221;vc_col-lg-offset-12 vc_col-lg-12 vc_col-md-offset-12 vc_col-md-12&#8243;][vc_widget_sidebar sidebar_id=&#8221;home-top&#8221; el_class=&#8221;home-box-container-list for-home-slider margin-minus&#8221;][\/vc_column][\/vc_row][vc_row][vc_column][\/vc_column][\/vc_row][vc_row el_class=&#8221;margin-top-100&#8243;][vc_column width=&#8221;1\/2&#8243;][vc_row_inner el_class=&#8221;side-items&#8221;][vc_column_inner][vc_single_image image=&#8221;1656&#8243; img_size=&#8221;full&#8221; onclick=&#8221;link_image&#8221; css=&#8221;&#8221; el_class=&#8221;side-image&#8221;][\/vc_column_inner][\/vc_row_inner][vc_column_text css=&#8221;&#8221;][\/vc_column_text][vc_column_text css=&#8221;&#8221;].[\/vc_column_text][\/vc_column][vc_column width=&#8221;1\/2&#8243; el_class=&#8221;padding-left-70&#8243;]<h5 class=\"box-header animation-slide\">Magunkr\u00f3l<\/h5><h2 class=\"box-header margin-top-30 no-border\">megb\u00edzhat\u00f3, professzion\u00e1lis \u00e9s hossz\u00fa t\u00e1von is \u00e9rt\u00e9ket teremt\u0151 megold\u00e1sokat<\/h2>[vc_column_text css=&#8221;&#8221; el_class=&#8221;margin-top-10&#8243;]<\/p>\n<p data-start=\"73\" data-end=\"462\"><strong data-start=\"73\" data-end=\"90\">A Norluc Kft.<\/strong> elk\u00f6telezett abban, hogy a v\u00e1llalatok sz\u00e1m\u00e1ra megb\u00edzhat\u00f3, professzion\u00e1lis \u00e9s hossz\u00fa t\u00e1von is \u00e9rt\u00e9ket teremt\u0151 megold\u00e1sokat biztos\u00edtson. Tev\u00e9kenys\u00e9g\u00fcnk k\u00f6z\u00e9ppontj\u00e1ban a min\u0151s\u00e9gi laborat\u00f3riumi berendez\u00e9sek, munkav\u00e9delmi felszerel\u00e9sek \u00e9s k\u00e1relh\u00e1r\u00edt\u00e1si eszk\u00f6z\u00f6k \u00e9rt\u00e9kes\u00edt\u00e9se \u00e1ll, amelyek seg\u00edts\u00e9g\u00e9vel partnereink biztons\u00e1gosan \u00e9s hat\u00e9konyan v\u00e9gezhetik mindennapi feladataikat.<\/p>\n<p data-start=\"464\" data-end=\"791\">K\u00edn\u00e1latunkat mobil \u00e9p\u00fcletek forgalmaz\u00e1s\u00e1val tessz\u00fck teljess\u00e9, amelyek gyorsan telep\u00edthet\u0151, rugalmas megold\u00e1st jelentenek ak\u00e1r ideiglenes, ak\u00e1r tart\u00f3s felhaszn\u00e1l\u00e1sra. Term\u00e9keinket megb\u00edzhat\u00f3 besz\u00e1ll\u00edt\u00f3i h\u00e1tt\u00e9r \u00e9s szakmai tapasztalat t\u00e1mogatja, \u00edgy \u00fcgyfeleink biztosak lehetnek abban, hogy csak kiv\u00e1l\u00f3 min\u0151s\u00e9g\u0171 eszk\u00f6z\u00f6ket kapnak.<\/p>\n<p data-start=\"793\" data-end=\"1082\">A Norluc Kft. szolg\u00e1ltat\u00e1sai k\u00f6z\u00f6tt kiemelt szerepet kap a <strong data-start=\"852\" data-end=\"897\">3,5 tonn\u00e1ig terjed\u0151 belf\u00f6ldi \u00e1rufuvaroz\u00e1s<\/strong>, mellyel gyors \u00e9s pontos sz\u00e1ll\u00edt\u00e1st biztos\u00edtunk partnereink sz\u00e1m\u00e1ra. Rugalmass\u00e1gunk \u00e9s \u00fcgyf\u00e9lk\u00f6zpont\u00fa hozz\u00e1\u00e1ll\u00e1sunk r\u00e9v\u00e9n minden megb\u00edz\u00e1st a lehet\u0151 legnagyobb gondoss\u00e1ggal teljes\u00edt\u00fcnk.<\/p>\n<p data-start=\"1084\" data-end=\"1287\">C\u00e9lunk, hogy olyan komplex megold\u00e1sokat ny\u00fajtsunk, amelyek val\u00f3di t\u00e1mogat\u00e1st jelentenek \u00fcgyfeleinknek az \u00fczletmenet\u00fck fejleszt\u00e9s\u00e9ben. A Norluc Kft. a megb\u00edzhat\u00f3s\u00e1g, a szak\u00e9rtelem \u00e9s a min\u0151s\u00e9g garanci\u00e1ja.<\/p>\n<p>[\/vc_column_text][\/vc_column][\/vc_row]<\/p>\n<\/div>","protected":false},"excerpt":{"rendered":"<p>[vc_row type=&#8221;full-width&#8221;][vc_column][rev_slider_vc alias=&#8221;home&#8221;][\/vc_column][\/vc_row][vc_row type=&#8221;full-width&#8221; top_margin=&#8221;page-margin-top-section&#8221; content_placement=&#8221;middle&#8221;][vc_column offset=&#8221;vc_col-lg-offset-12 vc_col-lg-12 vc_col-md-offset-12 vc_col-md-12&#8243;][vc_widget_sidebar sidebar_id=&#8221;home-top&#8221; el_class=&#8221;home-box-container-list for-home-slider margin-minus&#8221;][\/vc_column][\/vc_row][vc_row][vc_column][\/vc_column][\/vc_row][vc_row el_class=&#8221;margin-top-100&#8243;][vc_column width=&#8221;1\/2&#8243;][vc_row_inner el_class=&#8221;side-items&#8221;][vc_column_inner][vc_single_image image=&#8221;1656&#8243; img_size=&#8221;full&#8221; onclick=&#8221;link_image&#8221; css=&#8221;&#8221; el_class=&#8221;side-image&#8221;][\/vc_column_inner][\/vc_row_inner][vc_column_text css=&#8221;&#8221;][\/vc_column_text][vc_column_text css=&#8221;&#8221;].[\/vc_column_text][\/vc_column][vc_column width=&#8221;1\/2&#8243; el_class=&#8221;padding-left-70&#8243;][vc_column_text css=&#8221;&#8221; el_class=&#8221;margin-top-10&#8243;] A Norluc Kft. elk\u00f6telezett abban, hogy a v\u00e1llalatok sz\u00e1m\u00e1ra megb\u00edzhat\u00f3, professzion\u00e1lis \u00e9s hossz\u00fa t\u00e1von is \u00e9rt\u00e9ket teremt\u0151 megold\u00e1sokat biztos\u00edtson. Tev\u00e9kenys\u00e9g\u00fcnk k\u00f6z\u00e9ppontj\u00e1ban a min\u0151s\u00e9gi laborat\u00f3riumi berendez\u00e9sek, munkav\u00e9delmi felszerel\u00e9sek<\/p>\n","protected":false},"author":1,"featured_media":0,"parent":0,"menu_order":0,"comment_status":"closed","ping_status":"closed","template":"template-default-without-breadcrumbs.php","meta":{"footnotes":""},"class_list":["post-1117","page","type-page","status-publish","hentry"],"_links":{"self":[{"href":"https:\/\/www.norluc.hu\/index.php?rest_route=\/wp\/v2\/pages\/1117","targetHints":{"allow":["GET"]}}],"collection":[{"href":"https:\/\/www.norluc.hu\/index.php?rest_route=\/wp\/v2\/pages"}],"about":[{"href":"https:\/\/www.norluc.hu\/index.php?rest_route=\/wp\/v2\/types\/page"}],"author":[{"embeddable":true,"href":"https:\/\/www.norluc.hu\/index.php?rest_route=\/wp\/v2\/users\/1"}],"replies":[{"embeddable":true,"href":"https:\/\/www.norluc.hu\/index.php?rest_route=%2Fwp%2Fv2%2Fcomments&post=1117"}],"version-history":[{"count":9,"href":"https:\/\/www.norluc.hu\/index.php?rest_route=\/wp\/v2\/pages\/1117\/revisions"}],"predecessor-version":[{"id":1655,"href":"https:\/\/www.norluc.hu\/index.php?rest_route=\/wp\/v2\/pages\/1117\/revisions\/1655"}],"wp:attachment":[{"href":"https:\/\/www.norluc.hu\/index.php?rest_route=%2Fwp%2Fv2%2Fmedia&parent=1117"}],"curies":[{"name":"wp","href":"https:\/\/api.w.org\/{rel}","templated":true}]}}