{"id":1661,"date":"2025-12-01T13:30:03","date_gmt":"2025-12-01T13:30:03","guid":{"rendered":"https:\/\/www.norluc.hu\/?page_id=1661"},"modified":"2025-12-01T13:56:23","modified_gmt":"2025-12-01T13:56:23","slug":"laboratoriumi-eszkozok","status":"publish","type":"page","link":"https:\/\/www.norluc.hu\/?page_id=1661","title":{"rendered":"Laborat\u00f3riumi eszk\u00f6z\u00f6k"},"content":{"rendered":"<div class=\"wpb-content-wrapper\"><p>[vc_row][vc_column][vc_custom_heading source=&#8221;post_title&#8221; font_container=&#8221;tag:h2|font_size:30px|text_align:left|color:%23FFFFFF&#8221; google_fonts=&#8221;font_family:Antic%3Aregular|font_style:400%20regular%3A400%3Anormal&#8221; css=&#8221;.vc_custom_1764597371791{margin-top: 60px !important;}&#8221;][\/vc_column][\/vc_row][vc_row][vc_column width=&#8221;1\/2&#8243;][vc_column_text css=&#8221;&#8221;]<\/p>\n<p style=\"text-align: justify;\"><strong>Laborat\u00f3riumi eszk\u00f6zeink<\/strong> a professzion\u00e1lis munkav\u00e9gz\u00e9s alapj\u00e1t jelentik, legyen sz\u00f3 kutat\u00e1sr\u00f3l, min\u0151s\u00e9gellen\u0151rz\u00e9sr\u0151l vagy ipari m\u00e9r\u00e9stechnik\u00e1r\u00f3l. K\u00edn\u00e1latunkban megb\u00edzhat\u00f3 \u00e9s prec\u00edz <strong data-start=\"276\" data-end=\"292\">m\u00e9r\u0151m\u0171szerek<\/strong>, korszer\u0171 <strong data-start=\"303\" data-end=\"329\">analiz\u00e1l\u00f3 berendez\u00e9sek<\/strong> \u00e9s tart\u00f3s, ipari min\u0151s\u00e9g\u0171 <strong data-start=\"356\" data-end=\"384\">laborat\u00f3riumi szersz\u00e1mok<\/strong> tal\u00e1lhat\u00f3k, amelyek hozz\u00e1j\u00e1rulnak a pontos eredm\u00e9nyekhez \u00e9s a biztons\u00e1gos munkak\u00f6rnyezet fenntart\u00e1s\u00e1hoz.<\/p>\n<p style=\"text-align: justify;\" data-start=\"491\" data-end=\"847\">M\u00e9r\u0151m\u0171szereink sz\u00e9les k\u00f6re lehet\u0151v\u00e9 teszi a k\u00fcl\u00f6nb\u00f6z\u0151 fizikai, k\u00e9miai \u00e9s k\u00f6rnyezeti param\u00e9terek nagy pontoss\u00e1g\u00fa vizsg\u00e1lat\u00e1t, \u00edgy partnereink a legmagasabb szakmai k\u00f6vetelm\u00e9nyeknek is meg tudnak felelni. Analiz\u00e1l\u00f3 eszk\u00f6zeink megb\u00edzhat\u00f3 teljes\u00edtm\u00e9nyt ny\u00fajtanak mind a rutinlaborok, mind a fejleszt\u00e9si ter\u00fcletek sz\u00e1m\u00e1ra, gyors \u00e9s pontos adatokat szolg\u00e1ltatva.<\/p>\n<p style=\"text-align: justify;\" data-start=\"849\" data-end=\"1140\">Laborat\u00f3riumi szersz\u00e1maink tart\u00f3ss\u00e1ga \u00e9s ergon\u00f3mi\u00e1ja a mindennapi hat\u00e9kony munk\u00e1t t\u00e1mogatja, legyen sz\u00f3 mintav\u00e9telr\u0151l, el\u0151k\u00e9sz\u00edt\u00e9sr\u0151l vagy speci\u00e1lis m\u0171veletekr\u0151l. Term\u00e9keinket gondosan v\u00e1logatjuk megb\u00edzhat\u00f3, nemzetk\u00f6zi gy\u00e1rt\u00f3kt\u00f3l, \u00edgy garant\u00e1ljuk a hossz\u00fa t\u00e1v\u00fa min\u0151s\u00e9get \u00e9s haszn\u00e1lhat\u00f3s\u00e1got.<\/p>\n<p style=\"text-align: justify;\" data-start=\"1142\" data-end=\"1312\">A Norluc Kft. c\u00e9lja, hogy partnereinek olyan laborat\u00f3riumi felszerel\u00e9st biztos\u00edtson, amely stabil alapot ny\u00fajt a pontos, biztons\u00e1gos \u00e9s magas sz\u00ednvonal\u00fa szakmai munk\u00e1hoz.<\/p>\n<p>[\/vc_column_text][\/vc_column][vc_column width=&#8221;1\/2&#8243;][vc_single_image image=&#8221;1669&#8243; img_size=&#8221;full&#8221; css=&#8221;.vc_custom_1764597275196{margin-top: 30px !important;}&#8221;][\/vc_column][\/vc_row][vc_row][vc_column][vc_column_text css=&#8221;&#8221;][\/vc_column_text][\/vc_column][\/vc_row]<\/p>\n<\/div>","protected":false},"excerpt":{"rendered":"<p>[vc_row][vc_column][vc_custom_heading source=&#8221;post_title&#8221; font_container=&#8221;tag:h2|font_size:30px|text_align:left|color:%23FFFFFF&#8221; google_fonts=&#8221;font_family:Antic%3Aregular|font_style:400%20regular%3A400%3Anormal&#8221; css=&#8221;.vc_custom_1764597371791{margin-top: 60px !important;}&#8221;][\/vc_column][\/vc_row][vc_row][vc_column width=&#8221;1\/2&#8243;][vc_column_text css=&#8221;&#8221;] Laborat\u00f3riumi eszk\u00f6zeink a professzion\u00e1lis munkav\u00e9gz\u00e9s alapj\u00e1t jelentik, legyen sz\u00f3 kutat\u00e1sr\u00f3l, min\u0151s\u00e9gellen\u0151rz\u00e9sr\u0151l vagy ipari m\u00e9r\u00e9stechnik\u00e1r\u00f3l. K\u00edn\u00e1latunkban megb\u00edzhat\u00f3 \u00e9s prec\u00edz m\u00e9r\u0151m\u0171szerek, korszer\u0171 analiz\u00e1l\u00f3 berendez\u00e9sek \u00e9s tart\u00f3s, ipari min\u0151s\u00e9g\u0171 laborat\u00f3riumi szersz\u00e1mok tal\u00e1lhat\u00f3k, amelyek hozz\u00e1j\u00e1rulnak a pontos eredm\u00e9nyekhez \u00e9s a biztons\u00e1gos munkak\u00f6rnyezet fenntart\u00e1s\u00e1hoz. M\u00e9r\u0151m\u0171szereink sz\u00e9les k\u00f6re lehet\u0151v\u00e9 teszi a k\u00fcl\u00f6nb\u00f6z\u0151<\/p>\n","protected":false},"author":1,"featured_media":0,"parent":0,"menu_order":0,"comment_status":"closed","ping_status":"closed","template":"template-default-without-breadcrumbs.php","meta":{"footnotes":""},"class_list":["post-1661","page","type-page","status-publish","hentry"],"_links":{"self":[{"href":"https:\/\/www.norluc.hu\/index.php?rest_route=\/wp\/v2\/pages\/1661","targetHints":{"allow":["GET"]}}],"collection":[{"href":"https:\/\/www.norluc.hu\/index.php?rest_route=\/wp\/v2\/pages"}],"about":[{"href":"https:\/\/www.norluc.hu\/index.php?rest_route=\/wp\/v2\/types\/page"}],"author":[{"embeddable":true,"href":"https:\/\/www.norluc.hu\/index.php?rest_route=\/wp\/v2\/users\/1"}],"replies":[{"embeddable":true,"href":"https:\/\/www.norluc.hu\/index.php?rest_route=%2Fwp%2Fv2%2Fcomments&post=1661"}],"version-history":[{"count":4,"href":"https:\/\/www.norluc.hu\/index.php?rest_route=\/wp\/v2\/pages\/1661\/revisions"}],"predecessor-version":[{"id":1670,"href":"https:\/\/www.norluc.hu\/index.php?rest_route=\/wp\/v2\/pages\/1661\/revisions\/1670"}],"wp:attachment":[{"href":"https:\/\/www.norluc.hu\/index.php?rest_route=%2Fwp%2Fv2%2Fmedia&parent=1661"}],"curies":[{"name":"wp","href":"https:\/\/api.w.org\/{rel}","templated":true}]}}