{"id":1671,"date":"2025-12-01T13:56:57","date_gmt":"2025-12-01T13:56:57","guid":{"rendered":"https:\/\/www.norluc.hu\/?page_id=1671"},"modified":"2025-12-01T14:12:49","modified_gmt":"2025-12-01T14:12:49","slug":"munkavedelmi-eszkozok","status":"publish","type":"page","link":"https:\/\/www.norluc.hu\/?page_id=1671","title":{"rendered":"Munkav\u00e9delmi eszk\u00f6z\u00f6k"},"content":{"rendered":"<div class=\"wpb-content-wrapper\"><p>[vc_row][vc_column][vc_custom_heading source=&#8221;post_title&#8221; font_container=&#8221;tag:h2|font_size:30px|text_align:left|color:%23FFFFFF&#8221; google_fonts=&#8221;font_family:Antic%3Aregular|font_style:400%20regular%3A400%3Anormal&#8221; css=&#8221;.vc_custom_1764597847859{margin-top: 60px !important;}&#8221;][\/vc_column][\/vc_row][vc_row][vc_column width=&#8221;1\/2&#8243;][vc_column_text css=&#8221;&#8221;]<\/p>\n<p style=\"text-align: justify;\"><strong>Munkav\u00e9delmi eszk\u00f6zeink<\/strong> c\u00e9lja, hogy maxim\u00e1lis biztons\u00e1got \u00e9s v\u00e9delmet ny\u00fajtsanak minden munkak\u00f6rnyezetben, legyen sz\u00f3 ipari, \u00e9p\u00edt\u0151ipari, logisztikai vagy laborat\u00f3riumi feladatokr\u00f3l. K\u00edn\u00e1latunkban olyan magas min\u0151s\u00e9g\u0171 felszerel\u00e9sek tal\u00e1lhat\u00f3k, amelyek megfelelnek a legszigor\u00fabb szabv\u00e1nyoknak, \u00e9s seg\u00edtik \u00fcgyfeleinket a balesetek megel\u0151z\u00e9s\u00e9ben, valamint a biztons\u00e1gos \u00e9s hat\u00e9kony munkav\u00e9gz\u00e9s fenntart\u00e1s\u00e1ban.<\/p>\n<p style=\"text-align: justify;\" data-start=\"497\" data-end=\"912\">Term\u00e9keink k\u00f6z\u00e9 tartoznak a <strong data-start=\"525\" data-end=\"542\">v\u00e9d\u0151ruh\u00e1zatok<\/strong>, <strong data-start=\"544\" data-end=\"556\">keszty\u0171k<\/strong>, <strong data-start=\"558\" data-end=\"574\">v\u00e9d\u0151l\u00e1bbelik<\/strong>, <strong data-start=\"576\" data-end=\"587\">sisakok<\/strong>, <strong data-start=\"589\" data-end=\"615\">l\u00e9gz\u00e9sv\u00e9delmi eszk\u00f6z\u00f6k<\/strong>, valamint a k\u00fcl\u00f6nf\u00e9le <strong data-start=\"638\" data-end=\"666\">egy\u00e9ni v\u00e9d\u0151felszerel\u00e9sek<\/strong>, amelyek minden munkater\u00fcletre biztos\u00edtj\u00e1k a megfelel\u0151 v\u00e9delmi szintet. Kiemelt figyelmet ford\u00edtunk arra, hogy olyan megb\u00edzhat\u00f3 gy\u00e1rt\u00f3kkal dolgozzunk egy\u00fctt, akik term\u00e9kei a hossz\u00fa t\u00e1v\u00fa haszn\u00e1lat, a komfort \u00e9s a biztons\u00e1g kombin\u00e1ci\u00f3j\u00e1t ny\u00fajtj\u00e1k.<\/p>\n<p style=\"text-align: justify;\" data-start=\"914\" data-end=\"1337\">A munkav\u00e9delem nem csup\u00e1n el\u0151\u00edr\u00e1s, hanem a mindennapi felel\u0151ss\u00e9gteljes m\u0171k\u00f6d\u00e9s alapja. Munkav\u00e9delmi term\u00e9keink seg\u00edts\u00e9g\u00e9vel partnereink biztons\u00e1gosabb munkak\u00f6rnyezetet teremthetnek, cs\u00f6kkenthetik a s\u00e9r\u00fcl\u00e9svesz\u00e9lyt, \u00e9s hozz\u00e1j\u00e1rulhatnak a dolgoz\u00f3k hat\u00e9konys\u00e1g\u00e1nak n\u00f6vel\u00e9s\u00e9hez. A Norluc Kft. szakmai t\u00e1mogat\u00e1st is ny\u00fajt a megfelel\u0151 eszk\u00f6z\u00f6k kiv\u00e1laszt\u00e1s\u00e1ban, hogy mindenki a tev\u00e9kenys\u00e9g\u00e9hez legink\u00e1bb illeszked\u0151 v\u00e9delmet kapja.<\/p>\n<p>[\/vc_column_text][\/vc_column][vc_column width=&#8221;1\/2&#8243;][vc_single_image image=&#8221;1674&#8243; img_size=&#8221;full&#8221; css=&#8221;.vc_custom_1764598337741{margin-top: 30px !important;}&#8221;][\/vc_column][\/vc_row]<\/p>\n<\/div>","protected":false},"excerpt":{"rendered":"<p>[vc_row][vc_column][vc_custom_heading source=&#8221;post_title&#8221; font_container=&#8221;tag:h2|font_size:30px|text_align:left|color:%23FFFFFF&#8221; google_fonts=&#8221;font_family:Antic%3Aregular|font_style:400%20regular%3A400%3Anormal&#8221; css=&#8221;.vc_custom_1764597847859{margin-top: 60px !important;}&#8221;][\/vc_column][\/vc_row][vc_row][vc_column width=&#8221;1\/2&#8243;][vc_column_text css=&#8221;&#8221;] Munkav\u00e9delmi eszk\u00f6zeink c\u00e9lja, hogy maxim\u00e1lis biztons\u00e1got \u00e9s v\u00e9delmet ny\u00fajtsanak minden munkak\u00f6rnyezetben, legyen sz\u00f3 ipari, \u00e9p\u00edt\u0151ipari, logisztikai vagy laborat\u00f3riumi feladatokr\u00f3l. K\u00edn\u00e1latunkban olyan magas min\u0151s\u00e9g\u0171 felszerel\u00e9sek tal\u00e1lhat\u00f3k, amelyek megfelelnek a legszigor\u00fabb szabv\u00e1nyoknak, \u00e9s seg\u00edtik \u00fcgyfeleinket a balesetek megel\u0151z\u00e9s\u00e9ben, valamint a biztons\u00e1gos \u00e9s hat\u00e9kony munkav\u00e9gz\u00e9s fenntart\u00e1s\u00e1ban. Term\u00e9keink k\u00f6z\u00e9 tartoznak<\/p>\n","protected":false},"author":1,"featured_media":0,"parent":0,"menu_order":0,"comment_status":"closed","ping_status":"closed","template":"template-default-without-breadcrumbs.php","meta":{"footnotes":""},"class_list":["post-1671","page","type-page","status-publish","hentry"],"_links":{"self":[{"href":"https:\/\/www.norluc.hu\/index.php?rest_route=\/wp\/v2\/pages\/1671","targetHints":{"allow":["GET"]}}],"collection":[{"href":"https:\/\/www.norluc.hu\/index.php?rest_route=\/wp\/v2\/pages"}],"about":[{"href":"https:\/\/www.norluc.hu\/index.php?rest_route=\/wp\/v2\/types\/page"}],"author":[{"embeddable":true,"href":"https:\/\/www.norluc.hu\/index.php?rest_route=\/wp\/v2\/users\/1"}],"replies":[{"embeddable":true,"href":"https:\/\/www.norluc.hu\/index.php?rest_route=%2Fwp%2Fv2%2Fcomments&post=1671"}],"version-history":[{"count":4,"href":"https:\/\/www.norluc.hu\/index.php?rest_route=\/wp\/v2\/pages\/1671\/revisions"}],"predecessor-version":[{"id":1676,"href":"https:\/\/www.norluc.hu\/index.php?rest_route=\/wp\/v2\/pages\/1671\/revisions\/1676"}],"wp:attachment":[{"href":"https:\/\/www.norluc.hu\/index.php?rest_route=%2Fwp%2Fv2%2Fmedia&parent=1671"}],"curies":[{"name":"wp","href":"https:\/\/api.w.org\/{rel}","templated":true}]}}