{"id":1679,"date":"2025-12-01T14:13:43","date_gmt":"2025-12-01T14:13:43","guid":{"rendered":"https:\/\/www.norluc.hu\/?page_id=1679"},"modified":"2025-12-01T14:29:42","modified_gmt":"2025-12-01T14:29:42","slug":"karelharitasi-felszerlesek","status":"publish","type":"page","link":"https:\/\/www.norluc.hu\/?page_id=1679","title":{"rendered":"K\u00e1relh\u00e1r\u00edt\u00e1si felszerl\u00e9sek"},"content":{"rendered":"<div class=\"wpb-content-wrapper\"><p>[vc_row][vc_column][vc_custom_heading source=&#8221;post_title&#8221; font_container=&#8221;tag:h2|font_size:30px|text_align:left|color:%23FFFFFF&#8221; google_fonts=&#8221;font_family:Antic%3Aregular|font_style:400%20regular%3A400%3Anormal&#8221; css=&#8221;.vc_custom_1764599380948{margin-top: 60px !important;}&#8221;][\/vc_column][\/vc_row][vc_row][vc_column width=&#8221;1\/2&#8243;][vc_column_text css=&#8221;&#8221;]<\/p>\n<p style=\"text-align: justify;\"><strong>K\u00e1relh\u00e1r\u00edt\u00e1si felszerel\u00e9seink<\/strong> azt a c\u00e9lt szolg\u00e1lj\u00e1k, hogy v\u00e9szhelyzetben gyors, hat\u00e9kony \u00e9s biztons\u00e1gos beavatkoz\u00e1st tegyenek lehet\u0151v\u00e9, legyen sz\u00f3 ipari l\u00e9tes\u00edtm\u00e9nyekr\u0151l, logisztikai k\u00f6zpontokr\u00f3l vagy k\u00f6zint\u00e9zm\u00e9nyekr\u0151l. A megfelel\u0151 eszk\u00f6z\u00f6k kulcsfontoss\u00e1g\u00faak a k\u00e1rok minimaliz\u00e1l\u00e1s\u00e1ban, a vesz\u00e9lyes anyagok kezel\u00e9s\u00e9ben \u00e9s a szem\u00e9lyi s\u00e9r\u00fcl\u00e9sek megel\u0151z\u00e9s\u00e9ben.<\/p>\n<p style=\"text-align: justify;\" data-start=\"454\" data-end=\"876\">K\u00edn\u00e1latunkban olyan megb\u00edzhat\u00f3 <strong data-start=\"485\" data-end=\"533\">k\u00e1rment\u0151 \u00e9s sziv\u00e1rg\u00e1s-elh\u00e1r\u00edt\u00f3 felszerel\u00e9sek<\/strong> tal\u00e1lhat\u00f3k, mint a felsz\u00edv\u00f3 anyagok, k\u00e1rment\u0151 medenc\u00e9k, v\u00e9d\u0151t\u00e1lc\u00e1k, sziv\u00e1rg\u00e1sg\u00e1tl\u00f3 g\u00e1tak \u00e9s dug\u00f3k, valamint a vesz\u00e9lyes anyagok biztons\u00e1gos kezel\u00e9s\u00e9hez sz\u00fcks\u00e9ges speci\u00e1lis eszk\u00f6z\u00f6k. Ezek a megold\u00e1sok lehet\u0151v\u00e9 teszik a szennyez\u0151d\u00e9sek gyors lokaliz\u00e1l\u00e1s\u00e1t \u00e9s felsz\u00e1mol\u00e1s\u00e1t, cs\u00f6kkentve a k\u00f6rnyezetre \u00e9s a munkater\u00fcletre gyakorolt k\u00e1ros hat\u00e1sokat.<\/p>\n<p style=\"text-align: justify;\" data-start=\"878\" data-end=\"1204\">Term\u00e9keinket \u00fagy v\u00e1logatjuk \u00f6ssze, hogy megfeleljenek a modern ipari elv\u00e1r\u00e1soknak \u00e9s a szigor\u00fa k\u00f6rnyezetv\u00e9delmi el\u0151\u00edr\u00e1soknak. A Norluc Kft. szak\u00e9rtelme \u00e9s tapasztalata biztos\u00edtja, hogy \u00fcgyfeleink mindig a feladataikhoz legjobban ill\u0151 k\u00e1relh\u00e1r\u00edt\u00e1si eszk\u00f6z\u00f6kh\u00f6z juthassanak, legyen sz\u00f3 megel\u0151z\u00e9sr\u0151l vagy azonnali beavatkoz\u00e1sr\u00f3l.<\/p>\n<p style=\"text-align: justify;\" data-start=\"1206\" data-end=\"1368\">C\u00e9lunk, hogy olyan megold\u00e1sokat ny\u00fajtsunk, amelyek val\u00f3di seg\u00edts\u00e9get jelentenek kritikus helyzetekben, \u00e9s el\u0151seg\u00edtik a biztons\u00e1gos, felel\u0151ss\u00e9gteljes \u00fczemeltet\u00e9st.<\/p>\n<p>[\/vc_column_text][\/vc_column][vc_column width=&#8221;1\/2&#8243;][vc_single_image image=&#8221;1682&#8243; img_size=&#8221;full&#8221; css=&#8221;.vc_custom_1764599305773{margin-top: 30px !important;}&#8221;][\/vc_column][\/vc_row]<\/p>\n<\/div>","protected":false},"excerpt":{"rendered":"<p>[vc_row][vc_column][vc_custom_heading source=&#8221;post_title&#8221; font_container=&#8221;tag:h2|font_size:30px|text_align:left|color:%23FFFFFF&#8221; google_fonts=&#8221;font_family:Antic%3Aregular|font_style:400%20regular%3A400%3Anormal&#8221; css=&#8221;.vc_custom_1764599380948{margin-top: 60px !important;}&#8221;][\/vc_column][\/vc_row][vc_row][vc_column width=&#8221;1\/2&#8243;][vc_column_text css=&#8221;&#8221;] K\u00e1relh\u00e1r\u00edt\u00e1si felszerel\u00e9seink azt a c\u00e9lt szolg\u00e1lj\u00e1k, hogy v\u00e9szhelyzetben gyors, hat\u00e9kony \u00e9s biztons\u00e1gos beavatkoz\u00e1st tegyenek lehet\u0151v\u00e9, legyen sz\u00f3 ipari l\u00e9tes\u00edtm\u00e9nyekr\u0151l, logisztikai k\u00f6zpontokr\u00f3l vagy k\u00f6zint\u00e9zm\u00e9nyekr\u0151l. A megfelel\u0151 eszk\u00f6z\u00f6k kulcsfontoss\u00e1g\u00faak a k\u00e1rok minimaliz\u00e1l\u00e1s\u00e1ban, a vesz\u00e9lyes anyagok kezel\u00e9s\u00e9ben \u00e9s a szem\u00e9lyi s\u00e9r\u00fcl\u00e9sek megel\u0151z\u00e9s\u00e9ben. K\u00edn\u00e1latunkban olyan megb\u00edzhat\u00f3 k\u00e1rment\u0151 \u00e9s sziv\u00e1rg\u00e1s-elh\u00e1r\u00edt\u00f3 felszerel\u00e9sek<\/p>\n","protected":false},"author":1,"featured_media":0,"parent":0,"menu_order":0,"comment_status":"closed","ping_status":"closed","template":"template-default-without-breadcrumbs.php","meta":{"footnotes":""},"class_list":["post-1679","page","type-page","status-publish","hentry"],"_links":{"self":[{"href":"https:\/\/www.norluc.hu\/index.php?rest_route=\/wp\/v2\/pages\/1679","targetHints":{"allow":["GET"]}}],"collection":[{"href":"https:\/\/www.norluc.hu\/index.php?rest_route=\/wp\/v2\/pages"}],"about":[{"href":"https:\/\/www.norluc.hu\/index.php?rest_route=\/wp\/v2\/types\/page"}],"author":[{"embeddable":true,"href":"https:\/\/www.norluc.hu\/index.php?rest_route=\/wp\/v2\/users\/1"}],"replies":[{"embeddable":true,"href":"https:\/\/www.norluc.hu\/index.php?rest_route=%2Fwp%2Fv2%2Fcomments&post=1679"}],"version-history":[{"count":3,"href":"https:\/\/www.norluc.hu\/index.php?rest_route=\/wp\/v2\/pages\/1679\/revisions"}],"predecessor-version":[{"id":1683,"href":"https:\/\/www.norluc.hu\/index.php?rest_route=\/wp\/v2\/pages\/1679\/revisions\/1683"}],"wp:attachment":[{"href":"https:\/\/www.norluc.hu\/index.php?rest_route=%2Fwp%2Fv2%2Fmedia&parent=1679"}],"curies":[{"name":"wp","href":"https:\/\/api.w.org\/{rel}","templated":true}]}}