{"id":1692,"date":"2025-12-01T14:38:18","date_gmt":"2025-12-01T14:38:18","guid":{"rendered":"https:\/\/www.norluc.hu\/?page_id=1692"},"modified":"2025-12-01T14:39:18","modified_gmt":"2025-12-01T14:39:18","slug":"1692-2","status":"publish","type":"page","link":"https:\/\/www.norluc.hu\/?page_id=1692","title":{"rendered":"\u00c1rusz\u00e1ll\u00edt\u00e1s"},"content":{"rendered":"<div class=\"wpb-content-wrapper\"><p>[vc_row][vc_column][vc_custom_heading source=&#8221;post_title&#8221; font_container=&#8221;tag:h2|font_size:30px|text_align:left&#8221; google_fonts=&#8221;font_family:Antic%3Aregular|font_style:400%20regular%3A400%3Anormal&#8221; css=&#8221;.vc_custom_1764599775831{margin-top: 60px !important;}&#8221;][\/vc_column][\/vc_row][vc_row][vc_column width=&#8221;1\/2&#8243;][vc_column_text css=&#8221;&#8221;]<\/p>\n<p style=\"text-align: justify;\"><strong>Belf\u00f6ldi \u00e1rufuvaroz\u00e1si szolg\u00e1ltat\u00e1saink<\/strong> megb\u00edzhat\u00f3 \u00e9s rugalmas megold\u00e1st k\u00edn\u00e1lnak minden olyan v\u00e1llalkoz\u00e1s sz\u00e1m\u00e1ra, amely gyors, pontos \u00e9s biztons\u00e1gos sz\u00e1ll\u00edt\u00e1st ig\u00e9nyel Magyarorsz\u00e1g ter\u00fclet\u00e9n bel\u00fcl. Modern, z\u00e1rt fel\u00e9p\u00edtm\u00e9ny\u0171 transzportereinkkel 3,5 tonn\u00e1ig v\u00e1llalunk fuvaroz\u00e1st, \u00edgy \u00e1ruja v\u00e9dve van az id\u0151j\u00e1r\u00e1si hat\u00e1sokt\u00f3l, k\u00fcls\u0151 szennyez\u0151d\u00e9sekt\u0151l \u00e9s illet\u00e9ktelen hozz\u00e1f\u00e9r\u00e9st\u0151l.<\/p>\n<p style=\"text-align: justify;\" data-start=\"504\" data-end=\"794\">Szolg\u00e1ltat\u00e1sunk ide\u00e1lis v\u00e1laszt\u00e1s \u00e9rz\u00e9keny, \u00e9rt\u00e9kes vagy s\u00e9r\u00fcl\u00e9keny \u00e1ruk sz\u00e1ll\u00edt\u00e1s\u00e1hoz, illetve olyan logisztikai feladatokhoz, ahol a hat\u00e1rid\u0151k \u00e9s a pontos teljes\u00edt\u00e9s kiemelten fontos. J\u00e1rm\u0171veink kiv\u00e1l\u00f3 m\u0171szaki \u00e1llapotban vannak, \u00edgy a kisz\u00e1ll\u00edt\u00e1sok gyorsan \u00e9s fennakad\u00e1s n\u00e9lk\u00fcl t\u00f6rt\u00e9nnek.<\/p>\n<p style=\"text-align: justify;\" data-start=\"796\" data-end=\"1095\">Kiemelt figyelmet ford\u00edtunk a megb\u00edz\u00e1sok prec\u00edz szervez\u00e9s\u00e9re \u00e9s nyomon k\u00f6vet\u00e9s\u00e9re, hogy partnereink minden esetben kisz\u00e1m\u00edthat\u00f3 \u00e9s professzion\u00e1lis szolg\u00e1ltat\u00e1st kapjanak. C\u00e9lunk, hogy a sz\u00e1ll\u00edt\u00e1si folyamat minden l\u00e9p\u00e9s\u00e9ben a lehet\u0151 legnagyobb gondoss\u00e1ggal j\u00e1rjunk el \u2013 a felv\u00e9telt\u0151l a kisz\u00e1ll\u00edt\u00e1sig.<\/p>\n<p style=\"text-align: justify;\" data-start=\"1097\" data-end=\"1285\">A Norluc Kft. belf\u00f6ldi fuvaroz\u00e1si szolg\u00e1ltat\u00e1saival partnereink biztosak lehetnek abban, hogy \u00e1rujuk gyorsan, biztons\u00e1gban \u00e9s a meg\u00e1llapodott felt\u00e9telek szerint \u00e9rkezik meg a c\u00e9l\u00e1llom\u00e1sra.<\/p>\n<p>[\/vc_column_text][\/vc_column][vc_column width=&#8221;1\/2&#8243;][vc_single_image image=&#8221;1693&#8243; img_size=&#8221;full&#8221; css=&#8221;.vc_custom_1764599894246{margin-top: 30px !important;}&#8221;][\/vc_column][\/vc_row]<\/p>\n<\/div>","protected":false},"excerpt":{"rendered":"<p>[vc_row][vc_column][vc_custom_heading source=&#8221;post_title&#8221; font_container=&#8221;tag:h2|font_size:30px|text_align:left&#8221; google_fonts=&#8221;font_family:Antic%3Aregular|font_style:400%20regular%3A400%3Anormal&#8221; css=&#8221;.vc_custom_1764599775831{margin-top: 60px !important;}&#8221;][\/vc_column][\/vc_row][vc_row][vc_column width=&#8221;1\/2&#8243;][vc_column_text css=&#8221;&#8221;] Belf\u00f6ldi \u00e1rufuvaroz\u00e1si szolg\u00e1ltat\u00e1saink megb\u00edzhat\u00f3 \u00e9s rugalmas megold\u00e1st k\u00edn\u00e1lnak minden olyan v\u00e1llalkoz\u00e1s sz\u00e1m\u00e1ra, amely gyors, pontos \u00e9s biztons\u00e1gos sz\u00e1ll\u00edt\u00e1st ig\u00e9nyel Magyarorsz\u00e1g ter\u00fclet\u00e9n bel\u00fcl. Modern, z\u00e1rt fel\u00e9p\u00edtm\u00e9ny\u0171 transzportereinkkel 3,5 tonn\u00e1ig v\u00e1llalunk fuvaroz\u00e1st, \u00edgy \u00e1ruja v\u00e9dve van az id\u0151j\u00e1r\u00e1si hat\u00e1sokt\u00f3l, k\u00fcls\u0151 szennyez\u0151d\u00e9sekt\u0151l \u00e9s illet\u00e9ktelen hozz\u00e1f\u00e9r\u00e9st\u0151l. Szolg\u00e1ltat\u00e1sunk ide\u00e1lis v\u00e1laszt\u00e1s \u00e9rz\u00e9keny,<\/p>\n","protected":false},"author":1,"featured_media":0,"parent":0,"menu_order":0,"comment_status":"closed","ping_status":"closed","template":"template-default-without-breadcrumbs.php","meta":{"footnotes":""},"class_list":["post-1692","page","type-page","status-publish","hentry"],"_links":{"self":[{"href":"https:\/\/www.norluc.hu\/index.php?rest_route=\/wp\/v2\/pages\/1692","targetHints":{"allow":["GET"]}}],"collection":[{"href":"https:\/\/www.norluc.hu\/index.php?rest_route=\/wp\/v2\/pages"}],"about":[{"href":"https:\/\/www.norluc.hu\/index.php?rest_route=\/wp\/v2\/types\/page"}],"author":[{"embeddable":true,"href":"https:\/\/www.norluc.hu\/index.php?rest_route=\/wp\/v2\/users\/1"}],"replies":[{"embeddable":true,"href":"https:\/\/www.norluc.hu\/index.php?rest_route=%2Fwp%2Fv2%2Fcomments&post=1692"}],"version-history":[{"count":3,"href":"https:\/\/www.norluc.hu\/index.php?rest_route=\/wp\/v2\/pages\/1692\/revisions"}],"predecessor-version":[{"id":1696,"href":"https:\/\/www.norluc.hu\/index.php?rest_route=\/wp\/v2\/pages\/1692\/revisions\/1696"}],"wp:attachment":[{"href":"https:\/\/www.norluc.hu\/index.php?rest_route=%2Fwp%2Fv2%2Fmedia&parent=1692"}],"curies":[{"name":"wp","href":"https:\/\/api.w.org\/{rel}","templated":true}]}}