{"id":1768,"date":"2025-12-04T21:08:20","date_gmt":"2025-12-04T21:08:20","guid":{"rendered":"https:\/\/www.norluc.hu\/?page_id=1768"},"modified":"2025-12-04T21:08:20","modified_gmt":"2025-12-04T21:08:20","slug":"komplex-infokommunikacios-fejlesztes-a-norluc-kft-nel-2","status":"publish","type":"page","link":"https:\/\/www.norluc.hu\/?page_id=1768","title":{"rendered":"Komplex infokommunik\u00e1ci\u00f3s fejleszt\u00e9s a Norluc Kft.-n\u00e9l"},"content":{"rendered":"<div class=\"wpb-content-wrapper\">[vc_row css=&#8221;.vc_custom_1764669027042{margin-top: 40px !important;}&#8221;][vc_column][vc_message message_box_style=&#8221;solid&#8221; css=&#8221;.vc_custom_1764882486113{padding-top: 30px !important;background-color: #FFFFFF !important;border-radius: 10px !important;border-color: #1E73BE !important;}&#8221;]\r\n<h2 class=\"has-text-align-center wp-block-heading\" style=\"text-align: left;\"><span style=\"color: #000000;\"><strong>Komplex infokommunik\u00e1ci\u00f3s fejleszt\u00e9s a Norluc Kft.-n\u00e9l<img loading=\"lazy\" decoding=\"async\" class=\"size-medium wp-image-1040 alignright\" src=\"http:\/\/www.norluc.hu\/wp-content\/uploads\/2020\/05\/sz\u00e9chenyi-2020-1024x707-1-300x207.jpg\" alt=\"\" width=\"300\" height=\"207\" srcset=\"https:\/\/www.norluc.hu\/wp-content\/uploads\/2020\/05\/sz\u00e9chenyi-2020-1024x707-1-300x207.jpg 300w, https:\/\/www.norluc.hu\/wp-content\/uploads\/2020\/05\/sz\u00e9chenyi-2020-1024x707-1-768x530.jpg 768w, https:\/\/www.norluc.hu\/wp-content\/uploads\/2020\/05\/sz\u00e9chenyi-2020-1024x707-1-855x590.jpg 855w, https:\/\/www.norluc.hu\/wp-content\/uploads\/2020\/05\/sz\u00e9chenyi-2020-1024x707-1.jpg 1024w\" sizes=\"auto, (max-width: 300px) 100vw, 300px\" \/><\/strong><\/span><\/h2>\r\n<p style=\"text-align: left; padding-left: 40px;\"><span style=\"color: #000000;\">A projekt c\u00edme: Komplex infokommunik\u00e1ci\u00f3s fejleszt\u00e9s a Norluc Kft.-n\u00e9l<\/span><\/p>\r\n<p style=\"text-align: left; padding-left: 40px;\"><span style=\"color: #000000;\">A szerz\u0151d\u00f6tt t\u00e1mogat\u00e1s \u00f6sszege: 8 214 720 Ft<\/span><\/p>\r\n<p style=\"text-align: left; padding-left: 40px;\"><span style=\"color: #000000;\">A t\u00e1mogat\u00e1s m\u00e9rt\u00e9ke (%-ban): 40%<\/span><\/p>\r\n<span style=\"color: #000000;\">A projekt tartalm\u00e1nak bemutat\u00e1sa: C\u00e9g\u00fcnk komplex infokommunik\u00e1ci\u00f3s fejleszt\u00e9sre nyert t\u00e1mogat\u00e1st, melynek keretein bel\u00fcl lehet\u0151s\u00e9g\u00fcnk ny\u00edlt helyben telep\u00edtett \u00e9s felh\u0151alap\u00fa v\u00e1llalatir\u00e1ny\u00edt\u00e1si rendszer bevezet\u00e9s\u00e9re. A c\u00e9g, a munkav\u00e1llal\u00f3i ig\u00e9nyeket felm\u00e9rve \u00e9s figyelembe v\u00e9ve a felh\u0151 alap\u00fa szolg\u00e1ltat\u00e1sok k\u00f6z\u00fcl a CRM-t, a HR-t, a Kontrollingot, a Szolg\u00e1ltat\u00e1smenedzsmentet \u00e9s T\u00e1v-\u00e9s csoportmunk\u00e1t v\u00e1lasztottuk. A v\u00e1lasztott modulok kiemelked\u0151 tulajdons\u00e1gai k\u00f6z\u00e9 sorolhat\u00f3 a c\u00e9gen bel\u00fcli kommunik\u00e1ci\u00f3s lehet\u0151s\u00e9gek kihaszn\u00e1l\u00e1sa, a partnerek \u00e9s besz\u00e1ll\u00edt\u00f3k k\u00f6z\u00f6tti kapcsolattart\u00e1s \u00e9s nyilv\u00e1ntart\u00e1s egyszer\u0171 nyomon k\u00f6vet\u00e9se, \u00e9s szolg\u00e1ltat\u00e1si portf\u00f3li\u00f3 egys\u00e9ges kezel\u00e9s\u00e9t.<\/span>\r\n\r\n<span style=\"color: #000000;\">A helyben telep\u00edtett modulok k\u00f6z\u00fcl a Logisztika, Iratkezel\u00e9s, a Tud\u00e1smenedzsment, illetve a kieg\u00e9sz\u00edt\u0151 mobil ERP ker\u00fclt kiv\u00e1laszt\u00e1sra. Ezek a ter\u00fcletek seg\u00edtik szolg\u00e1ltat\u00e1saink g\u00f6rd\u00fcl\u00e9kenyebb kivitelez\u00e9s\u00e9t, k\u00f6zpontos\u00edtj\u00e1k, \u00e9s egyben felgyors\u00edtj\u00e1k az adminisztrat\u00edv feladatokat ell\u00e1t\u00e1s\u00e1t. T\u00e1mogatj\u00e1k a c\u00e9gen bel\u00fcli tud\u00e1smegoszt\u00e1st, illetve \u00e1thidal\u00e1st jelentenek a munkater\u00fcletek k\u00f6z\u00f6tt, megk\u00f6nny\u00edtve a k\u00fcl\u00f6nb\u00f6z\u0151 dolgoz\u00f3i csoportok k\u00f6z\u00f6s munk\u00e1j\u00e1t is.<\/span>\r\n\r\n<span style=\"color: #000000;\">Az iWise mobil ERP alkalmaz\u00e1s lehet\u0151s\u00e9get biztos\u00edt a t\u00e1vmunk\u00e1ban vagy k\u00fcls\u0151 helysz\u00ednen dolgoz\u00f3k sz\u00e1m\u00e1ra a haszn\u00e1lathoz, \u00edgy a rendszer alkalmaz\u00e1sa nem csak az irodai munk\u00e1hoz k\u00f6thet\u0151. Az \u00e9rt\u00e9kes\u00edt\u0151k, \u00e9s sz\u00e1ll\u00edt\u00f3k okostelefonon is el\u00e9rhetik a jogosults\u00e1gi szintj\u00fcknek megfelel\u0151 modulokat.<\/span>\r\n\r\n<span style=\"color: #000000;\">A projekt befejez\u00e9si d\u00e1tuma: 2019.10.19.<\/span>\r\n\r\n<span style=\"color: #000000;\">Projekt azonos\u00edt\u00f3 sz\u00e1ma: GINOP-3.2.2-8-2-4-16-2017-00516<\/span>\r\n\r\n[\/vc_message][\/vc_column][\/vc_row]<!-- \/wp:post-content --><\/div>","protected":false},"excerpt":{"rendered":"<p>[vc_row css=&#8221;.vc_custom_1764669027042{margin-top: 40px !important;}&#8221;][vc_column][vc_message message_box_style=&#8221;solid&#8221; css=&#8221;.vc_custom_1764882486113{padding-top: 30px !important;background-color: #FFFFFF !important;border-radius: 10px !important;border-color: #1E73BE !important;}&#8221;] Komplex infokommunik\u00e1ci\u00f3s fejleszt\u00e9s a Norluc Kft.-n\u00e9l A projekt c\u00edme: Komplex infokommunik\u00e1ci\u00f3s fejleszt\u00e9s a Norluc Kft.-n\u00e9l A szerz\u0151d\u00f6tt t\u00e1mogat\u00e1s \u00f6sszege: 8 214 720 Ft A t\u00e1mogat\u00e1s m\u00e9rt\u00e9ke (%-ban): 40% A projekt tartalm\u00e1nak bemutat\u00e1sa: C\u00e9g\u00fcnk komplex infokommunik\u00e1ci\u00f3s fejleszt\u00e9sre nyert t\u00e1mogat\u00e1st, melynek keretein bel\u00fcl<\/p>\n","protected":false},"author":1,"featured_media":0,"parent":0,"menu_order":0,"comment_status":"closed","ping_status":"closed","template":"template-default-without-breadcrumbs.php","meta":{"footnotes":""},"class_list":["post-1768","page","type-page","status-publish","hentry"],"_links":{"self":[{"href":"https:\/\/www.norluc.hu\/index.php?rest_route=\/wp\/v2\/pages\/1768","targetHints":{"allow":["GET"]}}],"collection":[{"href":"https:\/\/www.norluc.hu\/index.php?rest_route=\/wp\/v2\/pages"}],"about":[{"href":"https:\/\/www.norluc.hu\/index.php?rest_route=\/wp\/v2\/types\/page"}],"author":[{"embeddable":true,"href":"https:\/\/www.norluc.hu\/index.php?rest_route=\/wp\/v2\/users\/1"}],"replies":[{"embeddable":true,"href":"https:\/\/www.norluc.hu\/index.php?rest_route=%2Fwp%2Fv2%2Fcomments&post=1768"}],"version-history":[{"count":3,"href":"https:\/\/www.norluc.hu\/index.php?rest_route=\/wp\/v2\/pages\/1768\/revisions"}],"predecessor-version":[{"id":1771,"href":"https:\/\/www.norluc.hu\/index.php?rest_route=\/wp\/v2\/pages\/1768\/revisions\/1771"}],"wp:attachment":[{"href":"https:\/\/www.norluc.hu\/index.php?rest_route=%2Fwp%2Fv2%2Fmedia&parent=1768"}],"curies":[{"name":"wp","href":"https:\/\/api.w.org\/{rel}","templated":true}]}}