{"id":969,"date":"2019-12-18T11:23:10","date_gmt":"2019-12-18T11:23:10","guid":{"rendered":"http:\/\/www.norluc.hu\/?page_id=969"},"modified":"2025-12-09T17:21:14","modified_gmt":"2025-12-09T17:21:14","slug":"a-norluc-kft-europai-unios-tamogatasbol-megvalosulo-fejleszteseinek-bemutatasa","status":"publish","type":"page","link":"https:\/\/www.norluc.hu\/?page_id=969","title":{"rendered":"A NorLuc Kft. eur\u00f3pai uni\u00f3s t\u00e1mogat\u00e1sb\u00f3l megval\u00f3sul\u00f3 fejleszt\u00e9seinek bemutat\u00e1sa"},"content":{"rendered":"<div class=\"wpb-content-wrapper\"><p>[vc_row][vc_column css=&#8221;.vc_custom_1764669824139{margin-top: 60px !important;}&#8221;][vc_custom_heading source=&#8221;post_title&#8221; font_container=&#8221;tag:h2|font_size:30px|text_align:left&#8221; google_fonts=&#8221;font_family:Antic%3Aregular|font_style:400%20regular%3A400%3Anormal&#8221; css=&#8221;&#8221;][\/vc_column][\/vc_row][vc_row css=&#8221;.vc_custom_1764669027042{margin-top: 40px !important;}&#8221;][vc_column][vc_message message_box_style=&#8221;solid&#8221; css=&#8221;.vc_custom_1764883339634{padding-top: 30px !important;background-color: #FFFFFF !important;border-radius: 10px !important;border-color: #1E73BE !important;}&#8221;]<\/p>\n<h2 class=\"has-text-align-center wp-block-heading\" style=\"text-align: left;\"><strong><span style=\"color: #000000;\">Komplex infokommunik\u00e1ci\u00f3s fejleszt\u00e9s a Norluc Kft.-n\u00e9l<img loading=\"lazy\" decoding=\"async\" class=\"size-medium wp-image-1040 alignright\" src=\"http:\/\/www.norluc.hu\/wp-content\/uploads\/2020\/05\/sz\u00e9chenyi-2020-1024x707-1-300x207.jpg\" alt=\"\" width=\"300\" height=\"207\" srcset=\"https:\/\/www.norluc.hu\/wp-content\/uploads\/2020\/05\/sz\u00e9chenyi-2020-1024x707-1-300x207.jpg 300w, https:\/\/www.norluc.hu\/wp-content\/uploads\/2020\/05\/sz\u00e9chenyi-2020-1024x707-1-768x530.jpg 768w, https:\/\/www.norluc.hu\/wp-content\/uploads\/2020\/05\/sz\u00e9chenyi-2020-1024x707-1-855x590.jpg 855w, https:\/\/www.norluc.hu\/wp-content\/uploads\/2020\/05\/sz\u00e9chenyi-2020-1024x707-1.jpg 1024w\" sizes=\"auto, (max-width: 300px) 100vw, 300px\" \/><\/span><\/strong><\/h2>\n<p style=\"text-align: left; padding-left: 40px;\"><span style=\"color: #000000;\">A projekt c\u00edme: Komplex infokommunik\u00e1ci\u00f3s fejleszt\u00e9s a Norluc Kft.-n\u00e9l<\/span><\/p>\n<p style=\"text-align: left; padding-left: 40px;\"><span style=\"color: #000000;\">A szerz\u0151d\u00f6tt t\u00e1mogat\u00e1s \u00f6sszege: 8 214 720 Ft<\/span><\/p>\n<p style=\"text-align: left; padding-left: 40px;\"><span style=\"color: #000000;\">A t\u00e1mogat\u00e1s m\u00e9rt\u00e9ke (%-ban): 40%<\/span><\/p>\n<p><a href=\"https:\/\/www.norluc.hu\/?page_id=1768\"><img loading=\"lazy\" decoding=\"async\" class=\"alignleft size-full wp-image-1732\" src=\"http:\/\/www.norluc.hu\/wp-content\/uploads\/2025\/12\/a-projekt-ismertetese.png\" alt=\"\" width=\"202\" height=\"46\" \/><\/a>[\/vc_message][vc_message message_box_style=&#8221;solid&#8221; css=&#8221;.vc_custom_1765300869517{margin-top: 60px !important;padding-top: 30px !important;background-color: #FFFFFF !important;border-radius: 10px !important;border-color: #1E73BE !important;}&#8221;]<\/p>\n<h2 class=\"has-text-align-center wp-block-heading\" style=\"text-align: left;\"><strong><span style=\"color: #000000;\">K\u00e9pz\u00e9si programok a Norluc Kft-n\u00e9l.<br \/>\n<img loading=\"lazy\" decoding=\"async\" class=\"wp-image-1053 size-medium alignright\" src=\"http:\/\/www.norluc.hu\/wp-content\/uploads\/2019\/12\/infoblokk_kedv_final_CMYK_-ESZA-1024x702-1-300x206.jpg\" alt=\"\" width=\"300\" height=\"206\" srcset=\"https:\/\/www.norluc.hu\/wp-content\/uploads\/2019\/12\/infoblokk_kedv_final_CMYK_-ESZA-1024x702-1-300x206.jpg 300w, https:\/\/www.norluc.hu\/wp-content\/uploads\/2019\/12\/infoblokk_kedv_final_CMYK_-ESZA-1024x702-1-768x527.jpg 768w, https:\/\/www.norluc.hu\/wp-content\/uploads\/2019\/12\/infoblokk_kedv_final_CMYK_-ESZA-1024x702-1-861x590.jpg 861w, https:\/\/www.norluc.hu\/wp-content\/uploads\/2019\/12\/infoblokk_kedv_final_CMYK_-ESZA-1024x702-1.jpg 1024w\" sizes=\"auto, (max-width: 300px) 100vw, 300px\" \/><\/span><\/strong><\/h2>\n<p style=\"text-align: left; padding-left: 40px;\"><span style=\"color: #000000;\">A projekt c\u00edme: K\u00e9pz\u00e9si programok a NORLUC Kft-n\u00e9l<\/span><\/p>\n<p style=\"text-align: left; padding-left: 40px;\"><span style=\"color: #000000;\">A szerz\u0151d\u00f6tt t\u00e1mogat\u00e1s \u00f6sszege: 6 580 000 Ft<\/span><\/p>\n<p style=\"text-align: left; padding-left: 40px;\"><span style=\"color: #000000;\">A t\u00e1mogat\u00e1s m\u00e9rt\u00e9ke (%-ban): 100%<\/span><\/p>\n<p><a href=\"https:\/\/www.norluc.hu\/?page_id=1774\"><img loading=\"lazy\" decoding=\"async\" class=\"alignleft size-full wp-image-1732\" src=\"http:\/\/www.norluc.hu\/wp-content\/uploads\/2025\/12\/a-projekt-ismertetese.png\" alt=\"\" width=\"202\" height=\"46\" \/><\/a>[\/vc_message][\/vc_column][\/vc_row]<\/p>\n<\/div>","protected":false},"excerpt":{"rendered":"<p>[vc_row][vc_column css=&#8221;.vc_custom_1764669824139{margin-top: 60px !important;}&#8221;][vc_custom_heading source=&#8221;post_title&#8221; font_container=&#8221;tag:h2|font_size:30px|text_align:left&#8221; google_fonts=&#8221;font_family:Antic%3Aregular|font_style:400%20regular%3A400%3Anormal&#8221; css=&#8221;&#8221;][\/vc_column][\/vc_row][vc_row css=&#8221;.vc_custom_1764669027042{margin-top: 40px !important;}&#8221;][vc_column][vc_message message_box_style=&#8221;solid&#8221; css=&#8221;.vc_custom_1764883339634{padding-top: 30px !important;background-color: #FFFFFF !important;border-radius: 10px !important;border-color: #1E73BE !important;}&#8221;] Komplex infokommunik\u00e1ci\u00f3s fejleszt\u00e9s a Norluc Kft.-n\u00e9l A projekt c\u00edme: Komplex infokommunik\u00e1ci\u00f3s fejleszt\u00e9s a Norluc Kft.-n\u00e9l A szerz\u0151d\u00f6tt t\u00e1mogat\u00e1s \u00f6sszege: 8 214 720 Ft A t\u00e1mogat\u00e1s m\u00e9rt\u00e9ke (%-ban): 40% [\/vc_message][vc_message message_box_style=&#8221;solid&#8221; css=&#8221;.vc_custom_1765300869517{margin-top: 60px !important;padding-top: 30px<\/p>\n","protected":false},"author":1,"featured_media":0,"parent":0,"menu_order":0,"comment_status":"closed","ping_status":"closed","template":"template-default-without-breadcrumbs.php","meta":{"footnotes":""},"class_list":["post-969","page","type-page","status-publish","hentry"],"_links":{"self":[{"href":"https:\/\/www.norluc.hu\/index.php?rest_route=\/wp\/v2\/pages\/969","targetHints":{"allow":["GET"]}}],"collection":[{"href":"https:\/\/www.norluc.hu\/index.php?rest_route=\/wp\/v2\/pages"}],"about":[{"href":"https:\/\/www.norluc.hu\/index.php?rest_route=\/wp\/v2\/types\/page"}],"author":[{"embeddable":true,"href":"https:\/\/www.norluc.hu\/index.php?rest_route=\/wp\/v2\/users\/1"}],"replies":[{"embeddable":true,"href":"https:\/\/www.norluc.hu\/index.php?rest_route=%2Fwp%2Fv2%2Fcomments&post=969"}],"version-history":[{"count":35,"href":"https:\/\/www.norluc.hu\/index.php?rest_route=\/wp\/v2\/pages\/969\/revisions"}],"predecessor-version":[{"id":1791,"href":"https:\/\/www.norluc.hu\/index.php?rest_route=\/wp\/v2\/pages\/969\/revisions\/1791"}],"wp:attachment":[{"href":"https:\/\/www.norluc.hu\/index.php?rest_route=%2Fwp%2Fv2%2Fmedia&parent=969"}],"curies":[{"name":"wp","href":"https:\/\/api.w.org\/{rel}","templated":true}]}}